{"id":67,"date":"2023-03-27T16:40:20","date_gmt":"2023-03-27T16:40:20","guid":{"rendered":"https:\/\/new.olivedrab-jay-147957.hostingersite.com\/?page_id=67"},"modified":"2023-04-14T09:42:22","modified_gmt":"2023-04-14T09:42:22","slug":"branding","status":"publish","type":"page","link":"https:\/\/www.walit.it\/en\/servizi\/branding\/","title":{"rendered":"Branding"},"content":{"rendered":"<h2 class=\"wp-block-heading has-x-large-font-size\">Your product image is your image<\/h2>\n\n\n\n<p>Market competition is increasingly fierce, and having a strong and recognizable image is essential to any company's success. WALIT's dedicated Branding department helps companies create <strong>a unique and original image<\/strong> and <strong>effective communications that help them stand out from their competitors.<\/strong><\/p>\n\n\n\n<h2 class=\"wp-block-heading\">With its extensive industry experience, WALIT is committed to deeply understanding the mission, values, and goals of the companies it works with, to create an image that best reflects their identity.<\/h2>\n\n\n\n<p>The WALIT team works closely with its clients to create new brands or redesign existing ones, developing or emphasizing the elements that best represent their company.&nbsp;<\/p>\n\n\n\n<p><strong>WALIT provides highly customized communications services<\/strong> services to help companies effectively communicate their image, whether it involves creating an attractive website, managing social media, or developing online advertising campaigns.<\/p>\n\n\n\n<p>WALIT ensures <strong>consistency and uniformity<\/strong> in corporate image communication across all channels, ensuring a recognizable, strong, and lasting corporate image.<\/p>\n\n\n\n<p>If you're looking for a company that can help you create a distinctive image and communication, WALIT is at your side. Thanks to its extensive industry experience, the WALIT team can offer customized solutions that meet the specific needs of each company.<\/p>","protected":false},"excerpt":{"rendered":"L\u2019immagine del tuo prodotto \u00e8 la tua immagine La concorrenza sul mercato \u00e8 sempre pi\u00f9 agguerrita ed avere un&#8217;immagine forte e riconoscibile \u00e8 essenziale per il successo di qualsiasi azienda. Il reparto WALIT dedicato al Branding aiuta le aziende a creare un&#8217;immagine unica e originale ed una comunicazione efficace, che aiuti le aziende a distinguersi&#8230; <a class=\"view-article\" href=\"https:\/\/www.walit.it\/en\/servizi\/branding\/\">View Article<\/a>","protected":false},"author":3,"featured_media":0,"parent":58,"menu_order":4,"comment_status":"closed","ping_status":"closed","template":"template-single-cms.php","meta":{"_seopress_robots_primary_cat":"","_seopress_titles_title":"","_seopress_titles_desc":"","_seopress_robots_index":"","inline_featured_image":false,"_monsterinsights_skip_tracking":false,"_monsterinsights_sitenote_active":false,"_monsterinsights_sitenote_note":"","_monsterinsights_sitenote_category":0,"footnotes":""},"class_list":["post-67","page","type-page","status-publish","hentry"],"acf":[],"_links":{"self":[{"href":"https:\/\/www.walit.it\/en\/wp-json\/wp\/v2\/pages\/67","targetHints":{"allow":["GET"]}}],"collection":[{"href":"https:\/\/www.walit.it\/en\/wp-json\/wp\/v2\/pages"}],"about":[{"href":"https:\/\/www.walit.it\/en\/wp-json\/wp\/v2\/types\/page"}],"author":[{"embeddable":true,"href":"https:\/\/www.walit.it\/en\/wp-json\/wp\/v2\/users\/3"}],"replies":[{"embeddable":true,"href":"https:\/\/www.walit.it\/en\/wp-json\/wp\/v2\/comments?post=67"}],"version-history":[{"count":0,"href":"https:\/\/www.walit.it\/en\/wp-json\/wp\/v2\/pages\/67\/revisions"}],"up":[{"embeddable":true,"href":"https:\/\/www.walit.it\/en\/wp-json\/wp\/v2\/pages\/58"}],"wp:attachment":[{"href":"https:\/\/www.walit.it\/en\/wp-json\/wp\/v2\/media?parent=67"}],"curies":[{"name":"wp","href":"https:\/\/api.w.org\/{rel}","templated":true}]}}